{"id":1234,"date":"2023-09-10T21:08:05","date_gmt":"2023-09-10T21:08:05","guid":{"rendered":"https:\/\/miniexpert.ch\/?page_id=1234"},"modified":"2025-12-04T14:02:02","modified_gmt":"2025-12-04T14:02:02","slug":"anmeldung","status":"publish","type":"page","link":"https:\/\/miniexpert.ch\/?page_id=1234","title":{"rendered":"Anmeldung"},"content":{"rendered":"\t\t<div data-elementor-type=\"wp-page\" data-elementor-id=\"1234\" class=\"elementor elementor-1234\" data-elementor-post-type=\"page\">\n\t\t\t\t\t\t<section class=\"elementor-section elementor-top-section elementor-element elementor-element-b149da9 elementor-section-boxed elementor-section-height-default elementor-section-height-default\" data-id=\"b149da9\" data-element_type=\"section\">\n\t\t\t\t\t\t<div class=\"elementor-container elementor-column-gap-default\">\n\t\t\t\t\t<div class=\"elementor-column elementor-col-100 elementor-top-column elementor-element elementor-element-a50cc96\" data-id=\"a50cc96\" data-element_type=\"column\">\n\t\t\t<div class=\"elementor-widget-wrap elementor-element-populated\">\n\t\t\t\t\t\t<div class=\"elementor-element elementor-element-a9bd571 elementor-widget elementor-widget-text-editor\" data-id=\"a9bd571\" data-element_type=\"widget\" data-widget_type=\"text-editor.default\">\n\t\t\t\t<div class=\"elementor-widget-container\">\n\t\t\t\t\t\t\t\t\t<p>Im folgenden k\u00f6nnen Sie sich f\u00fcr den zweit\u00e4gigen MINIEXPERT 2026 Hernienkurs anmelden.<\/p>\n<p>Die Kurskosten belaufen sich auf 150 Fr. . Nach Anmeldung erhalten Sie eine Rechnung. Erst nach Erhalt Ihrer Einzahlung gelten Sie f\u00fcr den Kurs als angemeldet.&nbsp;<span style=\"font-size: 15px;\">In den Kurskosten enthalten sind:<\/span><\/p>\n<ul>\n<li>Vorlesungen und Live OP gem\u00e4ss Programm (Abweichungen m\u00f6glich)<\/li>\n<li>Verpflegung w\u00e4hrend des Kurses (Kaffee, Gipfeli, Sandwich zum Mittagessen)<\/li>\n<li>Abendessen 1. Kurstag<\/li>\n<li>Zertifikat \/ Kursbest\u00e4tigung (12 Credits SGS)<\/li>\n<\/ul>\n<div>Nicht inbegriffen sind \u00dcbernachtungskosten und weitere Kosten.<\/div>\t\t\t\t\t\t\t\t<\/div>\n\t\t\t\t<\/div>\n\t\t\t\t\t<\/div>\n\t\t<\/div>\n\t\t\t\t\t<\/div>\n\t\t<\/section>\n\t\t\t\t<section class=\"elementor-section elementor-top-section elementor-element elementor-element-e9c72f0 elementor-section-boxed elementor-section-height-default elementor-section-height-default\" data-id=\"e9c72f0\" data-element_type=\"section\">\n\t\t\t\t\t\t<div class=\"elementor-container elementor-column-gap-default\">\n\t\t\t\t\t<div class=\"elementor-column elementor-col-100 elementor-top-column elementor-element elementor-element-ec7ddcc\" data-id=\"ec7ddcc\" data-element_type=\"column\">\n\t\t\t<div class=\"elementor-widget-wrap elementor-element-populated\">\n\t\t\t\t\t\t<div class=\"elementor-element elementor-element-200d755 elementor-button-align-stretch elementor-widget elementor-widget-form\" data-id=\"200d755\" data-element_type=\"widget\" data-settings=\"{&quot;step_next_label&quot;:&quot;Next&quot;,&quot;step_previous_label&quot;:&quot;Previous&quot;,&quot;button_width&quot;:&quot;100&quot;,&quot;step_type&quot;:&quot;number_text&quot;,&quot;step_icon_shape&quot;:&quot;circle&quot;}\" data-widget_type=\"form.default\">\n\t\t\t\t<div class=\"elementor-widget-container\">\n\t\t\t\t\t\t\t<form class=\"elementor-form\" method=\"post\" name=\"Kursanmeldung\" aria-label=\"Kursanmeldung\">\n\t\t\t<input type=\"hidden\" name=\"post_id\" value=\"1234\"\/>\n\t\t\t<input type=\"hidden\" name=\"form_id\" value=\"200d755\"\/>\n\t\t\t<input type=\"hidden\" name=\"referer_title\" value=\"\" \/>\n\n\t\t\t\n\t\t\t<div class=\"elementor-form-fields-wrapper elementor-labels-above\">\n\t\t\t\t\t\t\t\t<div class=\"elementor-field-type-text elementor-field-group elementor-column elementor-field-group-field_fb10c43 elementor-col-100\">\n\t\t\t\t\t\t\t\t\t\t\t\t<label for=\"form-field-field_fb10c43\" class=\"elementor-field-label\">\n\t\t\t\t\t\t\t\tTitel\t\t\t\t\t\t\t<\/label>\n\t\t\t\t\t\t\t\t\t\t\t\t\t\t<input size=\"1\" type=\"text\" name=\"form_fields[field_fb10c43]\" id=\"form-field-field_fb10c43\" class=\"elementor-field elementor-size-sm  elementor-field-textual\" placeholder=\"bsp &quot;Dr.&quot; oder &quot;Prof.&quot;\">\n\t\t\t\t\t\t\t\t\t\t\t<\/div>\n\t\t\t\t\t\t\t\t<div class=\"elementor-field-type-text elementor-field-group elementor-column elementor-field-group-name elementor-col-50 elementor-field-required\">\n\t\t\t\t\t\t\t\t\t\t\t\t<label for=\"form-field-name\" class=\"elementor-field-label\">\n\t\t\t\t\t\t\t\tVorname\t\t\t\t\t\t\t<\/label>\n\t\t\t\t\t\t\t\t\t\t\t\t\t\t<input size=\"1\" type=\"text\" name=\"form_fields[name]\" id=\"form-field-name\" class=\"elementor-field elementor-size-sm  elementor-field-textual\" placeholder=\"Vorname\" required=\"required\">\n\t\t\t\t\t\t\t\t\t\t\t<\/div>\n\t\t\t\t\t\t\t\t<div class=\"elementor-field-type-text elementor-field-group elementor-column elementor-field-group-field_ce1db13 elementor-col-50 elementor-field-required\">\n\t\t\t\t\t\t\t\t\t\t\t\t<label for=\"form-field-field_ce1db13\" class=\"elementor-field-label\">\n\t\t\t\t\t\t\t\tNachname\t\t\t\t\t\t\t<\/label>\n\t\t\t\t\t\t\t\t\t\t\t\t\t\t<input size=\"1\" type=\"text\" name=\"form_fields[field_ce1db13]\" id=\"form-field-field_ce1db13\" class=\"elementor-field elementor-size-sm  elementor-field-textual\" placeholder=\"Nachname\" required=\"required\">\n\t\t\t\t\t\t\t\t\t\t\t<\/div>\n\t\t\t\t\t\t\t\t<div class=\"elementor-field-type-date elementor-field-group elementor-column elementor-field-group-field_01ca2a0 elementor-col-30 elementor-field-required\">\n\t\t\t\t\t\t\t\t\t\t\t\t<label for=\"form-field-field_01ca2a0\" class=\"elementor-field-label\">\n\t\t\t\t\t\t\t\tGeburtsdatum\t\t\t\t\t\t\t<\/label>\n\t\t\t\t\t\t\n\t\t<input type=\"date\" name=\"form_fields[field_01ca2a0]\" id=\"form-field-field_01ca2a0\" class=\"elementor-field elementor-size-sm  elementor-field-textual elementor-date-field\" required=\"required\" pattern=\"[0-9]{4}-[0-9]{2}-[0-9]{2}\">\n\t\t\t\t\t\t<\/div>\n\t\t\t\t\t\t\t\t<div class=\"elementor-field-type-email elementor-field-group elementor-column elementor-field-group-email elementor-col-70 elementor-field-required\">\n\t\t\t\t\t\t\t\t\t\t\t\t<label for=\"form-field-email\" class=\"elementor-field-label\">\n\t\t\t\t\t\t\t\tEmail\t\t\t\t\t\t\t<\/label>\n\t\t\t\t\t\t\t\t\t\t\t\t\t\t<input size=\"1\" type=\"email\" name=\"form_fields[email]\" id=\"form-field-email\" class=\"elementor-field elementor-size-sm  elementor-field-textual\" placeholder=\"Email\" required=\"required\">\n\t\t\t\t\t\t\t\t\t\t\t<\/div>\n\t\t\t\t\t\t\t\t<div class=\"elementor-field-type-text elementor-field-group elementor-column elementor-field-group-field_c634dbb elementor-col-100\">\n\t\t\t\t\t\t\t\t\t\t\t\t<label for=\"form-field-field_c634dbb\" class=\"elementor-field-label\">\n\t\t\t\t\t\t\t\tSpital (Arbeitsgeber)\t\t\t\t\t\t\t<\/label>\n\t\t\t\t\t\t\t\t\t\t\t\t\t\t<input size=\"1\" type=\"text\" name=\"form_fields[field_c634dbb]\" id=\"form-field-field_c634dbb\" class=\"elementor-field elementor-size-sm  elementor-field-textual\">\n\t\t\t\t\t\t\t\t\t\t\t<\/div>\n\t\t\t\t\t\t\t\t<div class=\"elementor-field-type-radio elementor-field-group elementor-column elementor-field-group-field_5aa02f8 elementor-col-100\">\n\t\t\t\t\t\t\t\t\t\t\t\t<label for=\"form-field-field_5aa02f8\" class=\"elementor-field-label\">\n\t\t\t\t\t\t\t\tAnstellung\t\t\t\t\t\t\t<\/label>\n\t\t\t\t\t\t<div class=\"elementor-field-subgroup  elementor-subgroup-inline\"><span class=\"elementor-field-option\"><input type=\"radio\" value=\"Assistenzarzt*In\" id=\"form-field-field_5aa02f8-0\" name=\"form_fields[field_5aa02f8]\"> <label for=\"form-field-field_5aa02f8-0\">Assistenzarzt*In<\/label><\/span><span class=\"elementor-field-option\"><input type=\"radio\" value=\"St.v. Oberarzt*In\" id=\"form-field-field_5aa02f8-1\" name=\"form_fields[field_5aa02f8]\"> <label for=\"form-field-field_5aa02f8-1\">St.v. Oberarzt*In<\/label><\/span><span class=\"elementor-field-option\"><input type=\"radio\" value=\"Oberarzt*In\" id=\"form-field-field_5aa02f8-2\" name=\"form_fields[field_5aa02f8]\"> <label for=\"form-field-field_5aa02f8-2\">Oberarzt*In<\/label><\/span><span class=\"elementor-field-option\"><input type=\"radio\" value=\"Leitender Arzt*In\" id=\"form-field-field_5aa02f8-3\" name=\"form_fields[field_5aa02f8]\"> <label for=\"form-field-field_5aa02f8-3\">Leitender Arzt*In<\/label><\/span><span class=\"elementor-field-option\"><input type=\"radio\" value=\"St.v. Chefarzt*In\" id=\"form-field-field_5aa02f8-4\" name=\"form_fields[field_5aa02f8]\"> <label for=\"form-field-field_5aa02f8-4\">St.v. Chefarzt*In<\/label><\/span><span class=\"elementor-field-option\"><input type=\"radio\" value=\"Chefarzt*In\" id=\"form-field-field_5aa02f8-5\" name=\"form_fields[field_5aa02f8]\"> <label for=\"form-field-field_5aa02f8-5\">Chefarzt*In<\/label><\/span><span class=\"elementor-field-option\"><input type=\"radio\" value=\"Belegarzt*In\" id=\"form-field-field_5aa02f8-6\" name=\"form_fields[field_5aa02f8]\"> <label for=\"form-field-field_5aa02f8-6\">Belegarzt*In<\/label><\/span><\/div>\t\t\t\t<\/div>\n\t\t\t\t\t\t\t\t<div class=\"elementor-field-type-textarea elementor-field-group elementor-column elementor-field-group-message elementor-col-100\">\n\t\t\t\t\t\t\t\t\t\t\t\t<label for=\"form-field-message\" class=\"elementor-field-label\">\n\t\t\t\t\t\t\t\tBemerkungen\t\t\t\t\t\t\t<\/label>\n\t\t\t\t\t\t<textarea class=\"elementor-field-textual elementor-field  elementor-size-sm\" name=\"form_fields[message]\" id=\"form-field-message\" rows=\"4\" placeholder=\"Das m\u00f6chte ich noch sagen.\"><\/textarea>\t\t\t\t<\/div>\n\t\t\t\t\t\t\t\t<div class=\"elementor-field-type-recaptcha_v3 elementor-field-group elementor-column elementor-field-group-field_c52605f elementor-col-100 recaptcha_v3-bottomright\">\n\t\t\t\t\t<div class=\"elementor-field\" id=\"form-field-field_c52605f\"><div class=\"elementor-g-recaptcha\" data-sitekey=\"6LdflVkpAAAAABMqX3f4jdVPQQ7mXjTfItw5KUXS\" data-type=\"v3\" data-action=\"Form\" data-badge=\"bottomright\" data-size=\"invisible\"><\/div><\/div>\t\t\t\t<\/div>\n\t\t\t\t\t\t\t\t<div class=\"elementor-field-group elementor-column elementor-field-type-submit elementor-col-100 e-form__buttons\">\n\t\t\t\t\t<button class=\"elementor-button elementor-size-sm\" type=\"submit\">\n\t\t\t\t\t\t<span class=\"elementor-button-content-wrapper\">\n\t\t\t\t\t\t\t\t\t\t\t\t\t\t\t\t\t\t\t\t\t\t<span class=\"elementor-button-text\">Send<\/span>\n\t\t\t\t\t\t\t\t\t\t\t\t\t<\/span>\n\t\t\t\t\t<\/button>\n\t\t\t\t<\/div>\n\t\t\t<\/div>\n\t\t<\/form>\n\t\t\t\t\t\t<\/div>\n\t\t\t\t<\/div>\n\t\t\t\t\t<\/div>\n\t\t<\/div>\n\t\t\t\t\t<\/div>\n\t\t<\/section>\n\t\t\t\t<\/div>\n\t\t","protected":false},"excerpt":{"rendered":"<p>Im folgenden k\u00f6nnen Sie sich f\u00fcr den zweit\u00e4gigen MINIEXPERT 2026 Hernienkurs anmelden. Die Kurskosten belaufen sich auf 150 Fr. . Nach Anmeldung erhalten Sie eine Rechnung. Erst nach Erhalt Ihrer Einzahlung gelten Sie f\u00fcr den Kurs als angemeldet.&nbsp;In den Kurskosten enthalten sind: Vorlesungen und Live OP gem\u00e4ss Programm (Abweichungen m\u00f6glich) Verpflegung w\u00e4hrend des Kurses (Kaffee, [&hellip;]<\/p>\n","protected":false},"author":1,"featured_media":0,"parent":0,"menu_order":0,"comment_status":"closed","ping_status":"closed","template":"","meta":{"ocean_post_layout":"full-width","ocean_both_sidebars_style":"","ocean_both_sidebars_content_width":0,"ocean_both_sidebars_sidebars_width":0,"ocean_sidebar":"","ocean_second_sidebar":"","ocean_disable_margins":"enable","ocean_add_body_class":"","ocean_shortcode_before_top_bar":"","ocean_shortcode_after_top_bar":"","ocean_shortcode_before_header":"","ocean_shortcode_after_header":"","ocean_has_shortcode":"","ocean_shortcode_after_title":"","ocean_shortcode_before_footer_widgets":"","ocean_shortcode_after_footer_widgets":"","ocean_shortcode_before_footer_bottom":"","ocean_shortcode_after_footer_bottom":"","ocean_display_top_bar":"default","ocean_display_header":"default","ocean_header_style":"","ocean_center_header_left_menu":"","ocean_custom_header_template":"","ocean_custom_logo":0,"ocean_custom_retina_logo":0,"ocean_custom_logo_max_width":0,"ocean_custom_logo_tablet_max_width":0,"ocean_custom_logo_mobile_max_width":0,"ocean_custom_logo_max_height":0,"ocean_custom_logo_tablet_max_height":0,"ocean_custom_logo_mobile_max_height":0,"ocean_header_custom_menu":"","ocean_menu_typo_font_family":"","ocean_menu_typo_font_subset":"","ocean_menu_typo_font_size":0,"ocean_menu_typo_font_size_tablet":0,"ocean_menu_typo_font_size_mobile":0,"ocean_menu_typo_font_size_unit":"px","ocean_menu_typo_font_weight":"","ocean_menu_typo_font_weight_tablet":"","ocean_menu_typo_font_weight_mobile":"","ocean_menu_typo_transform":"","ocean_menu_typo_transform_tablet":"","ocean_menu_typo_transform_mobile":"","ocean_menu_typo_line_height":0,"ocean_menu_typo_line_height_tablet":0,"ocean_menu_typo_line_height_mobile":0,"ocean_menu_typo_line_height_unit":"","ocean_menu_typo_spacing":0,"ocean_menu_typo_spacing_tablet":0,"ocean_menu_typo_spacing_mobile":0,"ocean_menu_typo_spacing_unit":"","ocean_menu_link_color":"","ocean_menu_link_color_hover":"","ocean_menu_link_color_active":"","ocean_menu_link_background":"","ocean_menu_link_hover_background":"","ocean_menu_link_active_background":"","ocean_menu_social_links_bg":"","ocean_menu_social_hover_links_bg":"","ocean_menu_social_links_color":"","ocean_menu_social_hover_links_color":"","ocean_disable_title":"default","ocean_disable_heading":"default","ocean_post_title":"","ocean_post_subheading":"","ocean_post_title_style":"","ocean_post_title_background_color":"","ocean_post_title_background":0,"ocean_post_title_bg_image_position":"","ocean_post_title_bg_image_attachment":"","ocean_post_title_bg_image_repeat":"","ocean_post_title_bg_image_size":"","ocean_post_title_height":0,"ocean_post_title_bg_overlay":0.5,"ocean_post_title_bg_overlay_color":"","ocean_disable_breadcrumbs":"default","ocean_breadcrumbs_color":"","ocean_breadcrumbs_separator_color":"","ocean_breadcrumbs_links_color":"","ocean_breadcrumbs_links_hover_color":"","ocean_display_footer_widgets":"default","ocean_display_footer_bottom":"default","ocean_custom_footer_template":"","footnotes":""},"class_list":["post-1234","page","type-page","status-publish","hentry","entry"],"_links":{"self":[{"href":"https:\/\/miniexpert.ch\/index.php?rest_route=\/wp\/v2\/pages\/1234","targetHints":{"allow":["GET"]}}],"collection":[{"href":"https:\/\/miniexpert.ch\/index.php?rest_route=\/wp\/v2\/pages"}],"about":[{"href":"https:\/\/miniexpert.ch\/index.php?rest_route=\/wp\/v2\/types\/page"}],"author":[{"embeddable":true,"href":"https:\/\/miniexpert.ch\/index.php?rest_route=\/wp\/v2\/users\/1"}],"replies":[{"embeddable":true,"href":"https:\/\/miniexpert.ch\/index.php?rest_route=%2Fwp%2Fv2%2Fcomments&post=1234"}],"version-history":[{"count":44,"href":"https:\/\/miniexpert.ch\/index.php?rest_route=\/wp\/v2\/pages\/1234\/revisions"}],"predecessor-version":[{"id":1944,"href":"https:\/\/miniexpert.ch\/index.php?rest_route=\/wp\/v2\/pages\/1234\/revisions\/1944"}],"wp:attachment":[{"href":"https:\/\/miniexpert.ch\/index.php?rest_route=%2Fwp%2Fv2%2Fmedia&parent=1234"}],"curies":[{"name":"wp","href":"https:\/\/api.w.org\/{rel}","templated":true}]}}